{"id":246,"date":"2022-05-05T17:53:56","date_gmt":"2022-05-05T17:53:56","guid":{"rendered":"http:\/\/www.zorropizza.fi\/?page_id=246"},"modified":"2025-10-02T06:00:03","modified_gmt":"2025-10-02T06:00:03","slug":"alkuun","status":"publish","type":"page","link":"https:\/\/www.zorropizza.fi\/index.php\/alkuun\/","title":{"rendered":"ZORRORULLA"},"content":{"rendered":"\t\t<div data-elementor-type=\"wp-page\" data-elementor-id=\"246\" class=\"elementor elementor-246\">\n\t\t\t\t\t\t\t\t\t<section class=\"elementor-section elementor-top-section elementor-element elementor-element-b946d64 elementor-section-height-min-height elementor-section-items-bottom elementor-section-boxed elementor-section-height-default\" data-id=\"b946d64\" data-element_type=\"section\" data-settings=\"{&quot;background_background&quot;:&quot;classic&quot;}\">\n\t\t\t\t\t\t<div class=\"elementor-container elementor-column-gap-default\">\n\t\t\t\t\t<div class=\"elementor-column elementor-col-100 elementor-top-column elementor-element elementor-element-0bc7478\" data-id=\"0bc7478\" data-element_type=\"column\">\n\t\t\t<div class=\"elementor-widget-wrap elementor-element-populated\">\n\t\t\t\t\t\t\t\t<div class=\"elementor-element elementor-element-ff58689 elementor-widget elementor-widget-heading\" data-id=\"ff58689\" data-element_type=\"widget\" data-widget_type=\"heading.default\">\n\t\t\t\t<div class=\"elementor-widget-container\">\n\t\t\t<h2 class=\"elementor-heading-title elementor-size-default\">ZORRORULLA<\/h2>\t\t<\/div>\n\t\t\t\t<\/div>\n\t\t\t\t\t<\/div>\n\t\t<\/div>\n\t\t\t\t\t\t\t<\/div>\n\t\t<\/section>\n\t\t\t\t<section class=\"elementor-section elementor-top-section elementor-element elementor-element-a15a6d7 elementor-section-boxed elementor-section-height-default elementor-section-height-default\" data-id=\"a15a6d7\" data-element_type=\"section\">\n\t\t\t\t\t\t<div class=\"elementor-container elementor-column-gap-default\">\n\t\t\t\t\t<div class=\"elementor-column elementor-col-100 elementor-top-column elementor-element elementor-element-d13b1c2\" data-id=\"d13b1c2\" data-element_type=\"column\">\n\t\t\t<div class=\"elementor-widget-wrap elementor-element-populated\">\n\t\t\t\t\t\t\t\t<div class=\"elementor-element elementor-element-7edf2c1 elementor-widget elementor-widget-image\" data-id=\"7edf2c1\" data-element_type=\"widget\" data-widget_type=\"image.default\">\n\t\t\t\t<div class=\"elementor-widget-container\">\n\t\t\t\t\t\t\t\t\t\t\t\t\t\t\t<img width=\"800\" height=\"560\" src=\"https:\/\/www.zorropizza.fi\/wp-content\/uploads\/2022\/05\/rullaa.png\" class=\"attachment-large size-large wp-image-501\" alt=\"\" loading=\"lazy\" srcset=\"https:\/\/www.zorropizza.fi\/wp-content\/uploads\/2022\/05\/rullaa.png 800w, https:\/\/www.zorropizza.fi\/wp-content\/uploads\/2022\/05\/rullaa-393x275.png 393w, https:\/\/www.zorropizza.fi\/wp-content\/uploads\/2022\/05\/rullaa-768x538.png 768w\" sizes=\"(max-width: 800px) 100vw, 800px\" \/>\t\t\t\t\t\t\t\t\t\t\t\t\t\t\t<\/div>\n\t\t\t\t<\/div>\n\t\t\t\t\t<\/div>\n\t\t<\/div>\n\t\t\t\t\t\t\t<\/div>\n\t\t<\/section>\n\t\t\t\t<section class=\"elementor-section elementor-top-section elementor-element elementor-element-d1bd84f elementor-section-boxed elementor-section-height-default elementor-section-height-default\" data-id=\"d1bd84f\" data-element_type=\"section\">\n\t\t\t\t\t\t<div class=\"elementor-container elementor-column-gap-default\">\n\t\t\t\t\t<div class=\"elementor-column elementor-col-100 elementor-top-column elementor-element elementor-element-b01a4c9\" data-id=\"b01a4c9\" data-element_type=\"column\">\n\t\t\t<div class=\"elementor-widget-wrap elementor-element-populated\">\n\t\t\t\t\t\t\t\t<section class=\"elementor-section elementor-inner-section elementor-element elementor-element-199b34f elementor-section-boxed elementor-section-height-default elementor-section-height-default\" data-id=\"199b34f\" data-element_type=\"section\">\n\t\t\t\t\t\t<div class=\"elementor-container elementor-column-gap-default\">\n\t\t\t\t\t<div class=\"elementor-column elementor-col-50 elementor-inner-column elementor-element elementor-element-8b97da4\" data-id=\"8b97da4\" data-element_type=\"column\">\n\t\t\t<div class=\"elementor-widget-wrap elementor-element-populated\">\n\t\t\t\t\t\t\t\t<div class=\"elementor-element elementor-element-14a045c elementor-widget elementor-widget-heading\" data-id=\"14a045c\" data-element_type=\"widget\" data-widget_type=\"heading.default\">\n\t\t\t\t<div class=\"elementor-widget-container\">\n\t\t\t<h2 class=\"elementor-heading-title elementor-size-default\">ZORRORULLA 12,00 - 13,00 \u20ac<\/h2>\t\t<\/div>\n\t\t\t\t<\/div>\n\t\t\t\t<div class=\"elementor-element elementor-element-ec89f2e elementor-widget elementor-widget-text-editor\" data-id=\"ec89f2e\" data-element_type=\"widget\" data-widget_type=\"text-editor.default\">\n\t\t\t\t<div class=\"elementor-widget-container\">\n\t\t\t\t\t\t\t<p>Sis\u00e4lt\u00e4\u00e4: salaatti, punasipuli, paprika, valkosipulimajoneesi ja hot-kastike<br \/>Inneh\u00e5ller: sallad, r\u00f6dl\u00f6k, paprika, vitl\u00f6ksmajonn\u00e4s och hots\u00e5s<\/p>\t\t\t\t\t\t<\/div>\n\t\t\t\t<\/div>\n\t\t\t\t\t<\/div>\n\t\t<\/div>\n\t\t\t\t<div class=\"elementor-column elementor-col-50 elementor-inner-column elementor-element elementor-element-a2d3026\" data-id=\"a2d3026\" data-element_type=\"column\">\n\t\t\t<div class=\"elementor-widget-wrap elementor-element-populated\">\n\t\t\t\t\t\t\t\t<div class=\"elementor-element elementor-element-dbeb742 elementor-widget elementor-widget-heading\" data-id=\"dbeb742\" data-element_type=\"widget\" data-widget_type=\"heading.default\">\n\t\t\t\t<div class=\"elementor-widget-container\">\n\t\t\t<h2 class=\"elementor-heading-title elementor-size-default\">VAIHTOEHDOT:<\/h2>\t\t<\/div>\n\t\t\t\t<\/div>\n\t\t\t\t<div class=\"elementor-element elementor-element-a42a9de elementor-widget elementor-widget-text-editor\" data-id=\"a42a9de\" data-element_type=\"widget\" data-widget_type=\"text-editor.default\">\n\t\t\t\t<div class=\"elementor-widget-container\">\n\t\t\t\t\t\t\t<p>&#8211; Kebab 13,00 \u20ac<br \/>&#8211; Chicken 12,00 \u20ac<br \/>&#8211; Vege 12,00 \u20ac<\/p>\t\t\t\t\t\t<\/div>\n\t\t\t\t<\/div>\n\t\t\t\t\t<\/div>\n\t\t<\/div>\n\t\t\t\t\t\t\t<\/div>\n\t\t<\/section>\n\t\t\t\t\t<\/div>\n\t\t<\/div>\n\t\t\t\t\t\t\t<\/div>\n\t\t<\/section>\n\t\t\t\t\t\t\t<\/div>\n\t\t","protected":false},"excerpt":{"rendered":"<p>ZORRORULLA ZORRORULLA 12,00 &#8211; 13,00 \u20ac Sis\u00e4lt\u00e4\u00e4: salaatti, punasipuli, paprika, valkosipulimajoneesi ja hot-kastikeInneh\u00e5ller: sallad, r\u00f6dl\u00f6k, paprika, vitl\u00f6ksmajonn\u00e4s och hots\u00e5s VAIHTOEHDOT: &#8211; Kebab 13,00 \u20ac&#8211; Chicken 12,00 \u20ac&#8211; Vege 12,00 \u20ac<\/p>\n","protected":false},"author":1,"featured_media":0,"parent":0,"menu_order":0,"comment_status":"closed","ping_status":"closed","template":"elementor_header_footer","meta":[],"_links":{"self":[{"href":"https:\/\/www.zorropizza.fi\/index.php\/wp-json\/wp\/v2\/pages\/246"}],"collection":[{"href":"https:\/\/www.zorropizza.fi\/index.php\/wp-json\/wp\/v2\/pages"}],"about":[{"href":"https:\/\/www.zorropizza.fi\/index.php\/wp-json\/wp\/v2\/types\/page"}],"author":[{"embeddable":true,"href":"https:\/\/www.zorropizza.fi\/index.php\/wp-json\/wp\/v2\/users\/1"}],"replies":[{"embeddable":true,"href":"https:\/\/www.zorropizza.fi\/index.php\/wp-json\/wp\/v2\/comments?post=246"}],"version-history":[{"count":20,"href":"https:\/\/www.zorropizza.fi\/index.php\/wp-json\/wp\/v2\/pages\/246\/revisions"}],"predecessor-version":[{"id":823,"href":"https:\/\/www.zorropizza.fi\/index.php\/wp-json\/wp\/v2\/pages\/246\/revisions\/823"}],"wp:attachment":[{"href":"https:\/\/www.zorropizza.fi\/index.php\/wp-json\/wp\/v2\/media?parent=246"}],"curies":[{"name":"wp","href":"https:\/\/api.w.org\/{rel}","templated":true}]}}