{"id":206,"date":"2019-12-23T07:59:54","date_gmt":"2019-12-23T07:59:54","guid":{"rendered":"http:\/\/www.zorropizza.fi\/?page_id=206"},"modified":"2025-10-03T14:02:16","modified_gmt":"2025-10-03T14:02:16","slug":"yhteystiedot","status":"publish","type":"page","link":"https:\/\/www.zorropizza.fi\/index.php\/yhteystiedot\/","title":{"rendered":"Yhteystiedot"},"content":{"rendered":"\t\t<div data-elementor-type=\"wp-page\" data-elementor-id=\"206\" class=\"elementor elementor-206\">\n\t\t\t\t\t\t\t\t\t<section class=\"elementor-section elementor-top-section elementor-element elementor-element-be16fd2 elementor-section-height-min-height elementor-section-items-bottom elementor-section-boxed elementor-section-height-default\" data-id=\"be16fd2\" data-element_type=\"section\" data-settings=\"{&quot;background_background&quot;:&quot;classic&quot;}\">\n\t\t\t\t\t\t\t<div class=\"elementor-background-overlay\"><\/div>\n\t\t\t\t\t\t\t<div class=\"elementor-container elementor-column-gap-default\">\n\t\t\t\t\t<div class=\"elementor-column elementor-col-100 elementor-top-column elementor-element elementor-element-af03fb8\" data-id=\"af03fb8\" data-element_type=\"column\">\n\t\t\t<div class=\"elementor-widget-wrap elementor-element-populated\">\n\t\t\t\t\t\t\t\t<div class=\"elementor-element elementor-element-84bde14 elementor-widget elementor-widget-image\" data-id=\"84bde14\" data-element_type=\"widget\" data-widget_type=\"image.default\">\n\t\t\t\t<div class=\"elementor-widget-container\">\n\t\t\t\t\t\t\t\t\t\t\t\t\t\t\t<img width=\"430\" height=\"198\" src=\"https:\/\/www.zorropizza.fi\/wp-content\/uploads\/2019\/12\/zorrologo_fin-430x198.png\" class=\"attachment-medium size-medium wp-image-159\" alt=\"\" loading=\"lazy\" srcset=\"https:\/\/www.zorropizza.fi\/wp-content\/uploads\/2019\/12\/zorrologo_fin-430x198.png 430w, https:\/\/www.zorropizza.fi\/wp-content\/uploads\/2019\/12\/zorrologo_fin-768x353.png 768w, https:\/\/www.zorropizza.fi\/wp-content\/uploads\/2019\/12\/zorrologo_fin-600x276.png 600w, https:\/\/www.zorropizza.fi\/wp-content\/uploads\/2019\/12\/zorrologo_fin.png 774w\" sizes=\"(max-width: 430px) 100vw, 430px\" \/>\t\t\t\t\t\t\t\t\t\t\t\t\t\t\t<\/div>\n\t\t\t\t<\/div>\n\t\t\t\t\t<\/div>\n\t\t<\/div>\n\t\t\t\t\t\t\t<\/div>\n\t\t<\/section>\n\t\t\t\t<section class=\"elementor-section elementor-top-section elementor-element elementor-element-17d15d3 elementor-section-boxed elementor-section-height-default elementor-section-height-default\" data-id=\"17d15d3\" data-element_type=\"section\" data-settings=\"{&quot;background_background&quot;:&quot;classic&quot;}\">\n\t\t\t\t\t\t<div class=\"elementor-container elementor-column-gap-default\">\n\t\t\t\t\t<div class=\"elementor-column elementor-col-100 elementor-top-column elementor-element elementor-element-27e5e8f\" data-id=\"27e5e8f\" data-element_type=\"column\">\n\t\t\t<div class=\"elementor-widget-wrap elementor-element-populated\">\n\t\t\t\t\t\t\t\t<div class=\"elementor-element elementor-element-f5e8f1d elementor-widget elementor-widget-heading\" data-id=\"f5e8f1d\" data-element_type=\"widget\" data-widget_type=\"heading.default\">\n\t\t\t\t<div class=\"elementor-widget-container\">\n\t\t\t<h2 class=\"elementor-heading-title elementor-size-default\">Puh.\/Tel. 045 101 5722<\/h2>\t\t<\/div>\n\t\t\t\t<\/div>\n\t\t\t\t<div class=\"elementor-element elementor-element-6e4d226 elementor-widget elementor-widget-text-editor\" data-id=\"6e4d226\" data-element_type=\"widget\" data-widget_type=\"text-editor.default\">\n\t\t\t\t<div class=\"elementor-widget-container\">\n\t\t\t\t\t\t\t<p>Zorro Pizza sijaitsee Mustasaaren keskustassa vain 5 km Vaasan torilta. <br \/>Tilaa ja nouda, tai voit nauttia pizzan paikan p\u00e4\u00e4ll\u00e4.<\/p>\t\t\t\t\t\t<\/div>\n\t\t\t\t<\/div>\n\t\t\t\t\t<\/div>\n\t\t<\/div>\n\t\t\t\t\t\t\t<\/div>\n\t\t<\/section>\n\t\t\t\t<section class=\"elementor-section elementor-top-section elementor-element elementor-element-c6f1671 elementor-section-boxed elementor-section-height-default elementor-section-height-default\" data-id=\"c6f1671\" data-element_type=\"section\">\n\t\t\t\t\t\t<div class=\"elementor-container elementor-column-gap-default\">\n\t\t\t\t\t<div class=\"elementor-column elementor-col-100 elementor-top-column elementor-element elementor-element-1c630a5\" data-id=\"1c630a5\" data-element_type=\"column\">\n\t\t\t<div class=\"elementor-widget-wrap elementor-element-populated\">\n\t\t\t\t\t\t\t\t<section class=\"elementor-section elementor-inner-section elementor-element elementor-element-1ff3b18 elementor-section-boxed elementor-section-height-default elementor-section-height-default\" data-id=\"1ff3b18\" data-element_type=\"section\">\n\t\t\t\t\t\t<div class=\"elementor-container elementor-column-gap-default\">\n\t\t\t\t\t<div class=\"elementor-column elementor-col-50 elementor-inner-column elementor-element elementor-element-7b1336f\" data-id=\"7b1336f\" data-element_type=\"column\">\n\t\t\t<div class=\"elementor-widget-wrap elementor-element-populated\">\n\t\t\t\t\t\t\t\t<div class=\"elementor-element elementor-element-9e5bd67 elementor-widget elementor-widget-image\" data-id=\"9e5bd67\" data-element_type=\"widget\" data-widget_type=\"image.default\">\n\t\t\t\t<div class=\"elementor-widget-container\">\n\t\t\t\t\t\t\t\t\t\t\t\t\t\t\t<img width=\"718\" height=\"630\" src=\"https:\/\/www.zorropizza.fi\/wp-content\/uploads\/2022\/05\/kartta-718x630.jpg\" class=\"attachment-large size-large wp-image-524\" alt=\"\" loading=\"lazy\" srcset=\"https:\/\/www.zorropizza.fi\/wp-content\/uploads\/2022\/05\/kartta-718x630.jpg 718w, https:\/\/www.zorropizza.fi\/wp-content\/uploads\/2022\/05\/kartta-313x275.jpg 313w, https:\/\/www.zorropizza.fi\/wp-content\/uploads\/2022\/05\/kartta-768x674.jpg 768w, https:\/\/www.zorropizza.fi\/wp-content\/uploads\/2022\/05\/kartta.jpg 1096w\" sizes=\"(max-width: 718px) 100vw, 718px\" \/>\t\t\t\t\t\t\t\t\t\t\t\t\t\t\t<\/div>\n\t\t\t\t<\/div>\n\t\t\t\t\t<\/div>\n\t\t<\/div>\n\t\t\t\t<div class=\"elementor-column elementor-col-50 elementor-inner-column elementor-element elementor-element-964911d\" data-id=\"964911d\" data-element_type=\"column\">\n\t\t\t<div class=\"elementor-widget-wrap elementor-element-populated\">\n\t\t\t\t\t\t\t\t<div class=\"elementor-element elementor-element-31b4619 elementor-widget elementor-widget-heading\" data-id=\"31b4619\" data-element_type=\"widget\" data-widget_type=\"heading.default\">\n\t\t\t\t<div class=\"elementor-widget-container\">\n\t\t\t<h2 class=\"elementor-heading-title elementor-size-default\">AVOINNA \/ \u00d6PPET:<\/h2>\t\t<\/div>\n\t\t\t\t<\/div>\n\t\t\t\t<div class=\"elementor-element elementor-element-b3a3802 elementor-widget elementor-widget-text-editor\" data-id=\"b3a3802\" data-element_type=\"widget\" data-widget_type=\"text-editor.default\">\n\t\t\t\t<div class=\"elementor-widget-container\">\n\t\t\t\t\t\t\t<p>Ma ja ti suljettu \/ M\u00e5 och tis st\u00e4ngd<br \/>Ke 15-20 Ons<br \/>To 11-20 To<br \/>Pe 11-21 Fre<br \/>La 12-21 L\u00f6<br \/>Su 12-20 S\u00f6<\/p><p><strong>PUH.\/TEL: 045 101 5722<\/strong><\/p><p><strong><a href=\"https:\/\/www.facebook.com\/zorropizzasepis\/\">Olemme my\u00f6s Facebookissa &gt;&gt;<\/a><br \/><\/strong><strong>Instagram: #zorro_pizza<\/strong><\/p>\t\t\t\t\t\t<\/div>\n\t\t\t\t<\/div>\n\t\t\t\t<div class=\"elementor-element elementor-element-27f31d1 elementor-widget elementor-widget-heading\" data-id=\"27f31d1\" data-element_type=\"widget\" data-widget_type=\"heading.default\">\n\t\t\t\t<div class=\"elementor-widget-container\">\n\t\t\t<h2 class=\"elementor-heading-title elementor-size-default\">YRITYS \/ F\u00d6RETAG:<\/h2>\t\t<\/div>\n\t\t\t\t<\/div>\n\t\t\t\t<div class=\"elementor-element elementor-element-3c4436a elementor-widget elementor-widget-text-editor\" data-id=\"3c4436a\" data-element_type=\"widget\" data-widget_type=\"text-editor.default\">\n\t\t\t\t<div class=\"elementor-widget-container\">\n\t\t\t\t\t\t\t<p>J. Vanharanta Oy<br \/>S\u00f6derstuv\u00e4gen 15<br \/>65650 KOSK\u00d6<\/p><p><span id=\"_ctl0_cphSisalto_lblOtsikkoYTunnus\">Y-tunnus<\/span>\u00a0<span id=\"_ctl0_cphSisalto_lblytunnus\">1727385-7<br \/><\/span>Email: johanna.vanharanta@hotmail.com<\/p>\t\t\t\t\t\t<\/div>\n\t\t\t\t<\/div>\n\t\t\t\t\t<\/div>\n\t\t<\/div>\n\t\t\t\t\t\t\t<\/div>\n\t\t<\/section>\n\t\t\t\t\t<\/div>\n\t\t<\/div>\n\t\t\t\t\t\t\t<\/div>\n\t\t<\/section>\n\t\t\t\t\t\t\t<\/div>\n\t\t","protected":false},"excerpt":{"rendered":"<p>Puh.\/Tel. 045 101 5722 Zorro Pizza sijaitsee Mustasaaren keskustassa vain 5 km Vaasan torilta. Tilaa ja nouda, tai voit nauttia pizzan paikan p\u00e4\u00e4ll\u00e4. AVOINNA \/ \u00d6PPET: Ma ja ti suljettu \/ M\u00e5 och tis st\u00e4ngdKe 15-20 OnsTo 11-20 ToPe 11-21 FreLa 12-21 L\u00f6Su 12-20 S\u00f6 PUH.\/TEL: 045 101 5722 Olemme my\u00f6s Facebookissa &gt;&gt;Instagram: #zorro_pizza YRITYS [&hellip;]<\/p>\n","protected":false},"author":1,"featured_media":0,"parent":0,"menu_order":0,"comment_status":"closed","ping_status":"closed","template":"elementor_header_footer","meta":[],"_links":{"self":[{"href":"https:\/\/www.zorropizza.fi\/index.php\/wp-json\/wp\/v2\/pages\/206"}],"collection":[{"href":"https:\/\/www.zorropizza.fi\/index.php\/wp-json\/wp\/v2\/pages"}],"about":[{"href":"https:\/\/www.zorropizza.fi\/index.php\/wp-json\/wp\/v2\/types\/page"}],"author":[{"embeddable":true,"href":"https:\/\/www.zorropizza.fi\/index.php\/wp-json\/wp\/v2\/users\/1"}],"replies":[{"embeddable":true,"href":"https:\/\/www.zorropizza.fi\/index.php\/wp-json\/wp\/v2\/comments?post=206"}],"version-history":[{"count":46,"href":"https:\/\/www.zorropizza.fi\/index.php\/wp-json\/wp\/v2\/pages\/206\/revisions"}],"predecessor-version":[{"id":855,"href":"https:\/\/www.zorropizza.fi\/index.php\/wp-json\/wp\/v2\/pages\/206\/revisions\/855"}],"wp:attachment":[{"href":"https:\/\/www.zorropizza.fi\/index.php\/wp-json\/wp\/v2\/media?parent=206"}],"curies":[{"name":"wp","href":"https:\/\/api.w.org\/{rel}","templated":true}]}}