{"id":163,"date":"2019-12-22T16:34:00","date_gmt":"2019-12-22T16:34:00","guid":{"rendered":"http:\/\/www.zorropizza.fi\/?page_id=163"},"modified":"2025-10-02T05:58:03","modified_gmt":"2025-10-02T05:58:03","slug":"tarjoukset","status":"publish","type":"page","link":"https:\/\/www.zorropizza.fi\/index.php\/tarjoukset\/","title":{"rendered":"POCKETS"},"content":{"rendered":"\t\t<div data-elementor-type=\"wp-page\" data-elementor-id=\"163\" class=\"elementor elementor-163\">\n\t\t\t\t\t\t\t\t\t<section class=\"elementor-section elementor-top-section elementor-element elementor-element-91fa647 elementor-section-height-min-height elementor-section-items-bottom elementor-section-boxed elementor-section-height-default\" data-id=\"91fa647\" data-element_type=\"section\" data-settings=\"{&quot;background_background&quot;:&quot;classic&quot;}\">\n\t\t\t\t\t\t<div class=\"elementor-container elementor-column-gap-default\">\n\t\t\t\t\t<div class=\"elementor-column elementor-col-100 elementor-top-column elementor-element elementor-element-5488408\" data-id=\"5488408\" data-element_type=\"column\">\n\t\t\t<div class=\"elementor-widget-wrap elementor-element-populated\">\n\t\t\t\t\t\t\t\t<div class=\"elementor-element elementor-element-ef2e825 elementor-widget elementor-widget-heading\" data-id=\"ef2e825\" data-element_type=\"widget\" data-widget_type=\"heading.default\">\n\t\t\t\t<div class=\"elementor-widget-container\">\n\t\t\t<h2 class=\"elementor-heading-title elementor-size-default\">POCKETS<\/h2>\t\t<\/div>\n\t\t\t\t<\/div>\n\t\t\t\t\t<\/div>\n\t\t<\/div>\n\t\t\t\t\t\t\t<\/div>\n\t\t<\/section>\n\t\t\t\t<section class=\"elementor-section elementor-top-section elementor-element elementor-element-85dfd31 elementor-section-boxed elementor-section-height-default elementor-section-height-default\" data-id=\"85dfd31\" data-element_type=\"section\">\n\t\t\t\t\t\t<div class=\"elementor-container elementor-column-gap-default\">\n\t\t\t\t\t<div class=\"elementor-column elementor-col-100 elementor-top-column elementor-element elementor-element-b558270\" data-id=\"b558270\" data-element_type=\"column\">\n\t\t\t<div class=\"elementor-widget-wrap elementor-element-populated\">\n\t\t\t\t\t\t\t\t<div class=\"elementor-element elementor-element-69030ab elementor-widget elementor-widget-image\" data-id=\"69030ab\" data-element_type=\"widget\" data-widget_type=\"image.default\">\n\t\t\t\t<div class=\"elementor-widget-container\">\n\t\t\t\t\t\t\t\t\t\t\t\t\t\t\t<img width=\"800\" height=\"446\" src=\"https:\/\/www.zorropizza.fi\/wp-content\/uploads\/2022\/05\/pockets.png\" class=\"attachment-large size-large wp-image-491\" alt=\"\" loading=\"lazy\" srcset=\"https:\/\/www.zorropizza.fi\/wp-content\/uploads\/2022\/05\/pockets.png 800w, https:\/\/www.zorropizza.fi\/wp-content\/uploads\/2022\/05\/pockets-430x240.png 430w, https:\/\/www.zorropizza.fi\/wp-content\/uploads\/2022\/05\/pockets-768x428.png 768w\" sizes=\"(max-width: 800px) 100vw, 800px\" \/>\t\t\t\t\t\t\t\t\t\t\t\t\t\t\t<\/div>\n\t\t\t\t<\/div>\n\t\t\t\t\t<\/div>\n\t\t<\/div>\n\t\t\t\t\t\t\t<\/div>\n\t\t<\/section>\n\t\t\t\t<section class=\"elementor-section elementor-top-section elementor-element elementor-element-82a12ba elementor-section-boxed elementor-section-height-default elementor-section-height-default\" data-id=\"82a12ba\" data-element_type=\"section\">\n\t\t\t\t\t\t<div class=\"elementor-container elementor-column-gap-default\">\n\t\t\t\t\t<div class=\"elementor-column elementor-col-100 elementor-top-column elementor-element elementor-element-e2a81f3\" data-id=\"e2a81f3\" data-element_type=\"column\">\n\t\t\t<div class=\"elementor-widget-wrap elementor-element-populated\">\n\t\t\t\t\t\t\t\t<div class=\"elementor-element elementor-element-92b4702 elementor-widget elementor-widget-heading\" data-id=\"92b4702\" data-element_type=\"widget\" data-widget_type=\"heading.default\">\n\t\t\t\t<div class=\"elementor-widget-container\">\n\t\t\t<h2 class=\"elementor-heading-title elementor-size-default\">VAIHTOEHDOT\/ALTERNATIV:<\/h2>\t\t<\/div>\n\t\t\t\t<\/div>\n\t\t\t\t<div class=\"elementor-element elementor-element-3951d4d elementor-widget elementor-widget-text-editor\" data-id=\"3951d4d\" data-element_type=\"widget\" data-widget_type=\"text-editor.default\">\n\t\t\t\t<div class=\"elementor-widget-container\">\n\t\t\t\t\t\t\t<p><strong>CHICKEN: <\/strong>Kana, ananas, sinihomejuusto &#8211; Kyckling, ananas bl\u00e5m\u00f6gelost. 13,00 \u20ac<\/p><p><strong>MEAT: <\/strong>Jauheliha, kinkku, kebab &#8211; Maletk\u00f6tt, skinka, kebab. 13,00 \u20ac<\/p><p><strong>VEGE: <\/strong>Herkkusieni, oliivi, kreikk. juusto &#8211; Champinjoner, oliver, grek.ost. 13,00 \u20ac<\/p><p><strong>HOT: <\/strong>Meks.kastike, jalapeno, kebab, pepperoni &#8211; Mex.s\u00e5s, jalapeno, kebab, pepperoni. 14,00 \u20ac<\/p>\t\t\t\t\t\t<\/div>\n\t\t\t\t<\/div>\n\t\t\t\t<div class=\"elementor-element elementor-element-42f76f5 elementor-widget elementor-widget-heading\" data-id=\"42f76f5\" data-element_type=\"widget\" data-widget_type=\"heading.default\">\n\t\t\t\t<div class=\"elementor-widget-container\">\n\t\t\t<h2 class=\"elementor-heading-title elementor-size-default\">Hinnat\/Priser: 13,00 \u2013 14,00 \u20ac<\/h2>\t\t<\/div>\n\t\t\t\t<\/div>\n\t\t\t\t<div class=\"elementor-element elementor-element-28f87c7 elementor-widget elementor-widget-text-editor\" data-id=\"28f87c7\" data-element_type=\"widget\" data-widget_type=\"text-editor.default\">\n\t\t\t\t<div class=\"elementor-widget-container\">\n\t\t\t\t\t\t\t<p>Sis\u00e4lt\u00e4\u00e4: salaatti, punasipuli, paprika + kastike <br \/>Inneh\u00e5ller: sallad, r\u00f6dl\u00f6k, paprika + s\u00e5s<\/p>\t\t\t\t\t\t<\/div>\n\t\t\t\t<\/div>\n\t\t\t\t<div class=\"elementor-element elementor-element-8c5b7e9 elementor-widget elementor-widget-heading\" data-id=\"8c5b7e9\" data-element_type=\"widget\" data-widget_type=\"heading.default\">\n\t\t\t\t<div class=\"elementor-widget-container\">\n\t\t\t<h2 class=\"elementor-heading-title elementor-size-default\">KASTIKKEET\/S\u00c5SER:<\/h2>\t\t<\/div>\n\t\t\t\t<\/div>\n\t\t\t\t<div class=\"elementor-element elementor-element-de43898 elementor-widget elementor-widget-text-editor\" data-id=\"de43898\" data-element_type=\"widget\" data-widget_type=\"text-editor.default\">\n\t\t\t\t<div class=\"elementor-widget-container\">\n\t\t\t\t\t\t\t<p>Paprika<br \/>Chili<br \/>Smokey (HOT)<br \/>BBQ<br \/>Devil\u2019s<br \/>Mango raja<br \/>Bearnaise<br \/>Garlic<\/p>\t\t\t\t\t\t<\/div>\n\t\t\t\t<\/div>\n\t\t\t\t<div class=\"elementor-element elementor-element-f7434b4 elementor-widget elementor-widget-heading\" data-id=\"f7434b4\" data-element_type=\"widget\" data-widget_type=\"heading.default\">\n\t\t\t\t<div class=\"elementor-widget-container\">\n\t\t\t<h2 class=\"elementor-heading-title elementor-size-default\">DIP: 1,50 eur<\/h2>\t\t<\/div>\n\t\t\t\t<\/div>\n\t\t\t\t\t<\/div>\n\t\t<\/div>\n\t\t\t\t\t\t\t<\/div>\n\t\t<\/section>\n\t\t\t\t\t\t\t<\/div>\n\t\t","protected":false},"excerpt":{"rendered":"<p>POCKETS VAIHTOEHDOT\/ALTERNATIV: CHICKEN: Kana, ananas, sinihomejuusto &#8211; Kyckling, ananas bl\u00e5m\u00f6gelost. 13,00 \u20ac MEAT: Jauheliha, kinkku, kebab &#8211; Maletk\u00f6tt, skinka, kebab. 13,00 \u20ac VEGE: Herkkusieni, oliivi, kreikk. juusto &#8211; Champinjoner, oliver, grek.ost. 13,00 \u20ac HOT: Meks.kastike, jalapeno, kebab, pepperoni &#8211; Mex.s\u00e5s, jalapeno, kebab, pepperoni. 14,00 \u20ac Hinnat\/Priser: 13,00 \u2013 14,00 \u20ac Sis\u00e4lt\u00e4\u00e4: salaatti, punasipuli, paprika + [&hellip;]<\/p>\n","protected":false},"author":1,"featured_media":0,"parent":0,"menu_order":0,"comment_status":"closed","ping_status":"closed","template":"elementor_header_footer","meta":[],"_links":{"self":[{"href":"https:\/\/www.zorropizza.fi\/index.php\/wp-json\/wp\/v2\/pages\/163"}],"collection":[{"href":"https:\/\/www.zorropizza.fi\/index.php\/wp-json\/wp\/v2\/pages"}],"about":[{"href":"https:\/\/www.zorropizza.fi\/index.php\/wp-json\/wp\/v2\/types\/page"}],"author":[{"embeddable":true,"href":"https:\/\/www.zorropizza.fi\/index.php\/wp-json\/wp\/v2\/users\/1"}],"replies":[{"embeddable":true,"href":"https:\/\/www.zorropizza.fi\/index.php\/wp-json\/wp\/v2\/comments?post=163"}],"version-history":[{"count":30,"href":"https:\/\/www.zorropizza.fi\/index.php\/wp-json\/wp\/v2\/pages\/163\/revisions"}],"predecessor-version":[{"id":820,"href":"https:\/\/www.zorropizza.fi\/index.php\/wp-json\/wp\/v2\/pages\/163\/revisions\/820"}],"wp:attachment":[{"href":"https:\/\/www.zorropizza.fi\/index.php\/wp-json\/wp\/v2\/media?parent=163"}],"curies":[{"name":"wp","href":"https:\/\/api.w.org\/{rel}","templated":true}]}}